{"id":589,"date":"2025-11-04T21:00:21","date_gmt":"2025-11-04T21:00:21","guid":{"rendered":"https:\/\/kern-dialog.de\/?page_id=589"},"modified":"2025-11-10T14:27:54","modified_gmt":"2025-11-10T14:27:54","slug":"businessmama","status":"publish","type":"page","link":"https:\/\/kern-dialog.de\/?page_id=589","title":{"rendered":"Businessmama"},"content":{"rendered":"<p>[et_pb_section fb_built=&#8220;1&#8243; fullwidth=&#8220;on&#8220; module_id=&#8220;fmbb&#8220; _builder_version=&#8220;4.27.2&#8243; _module_preset=&#8220;default&#8220; background_color=&#8220;gcid-1998ac07-22bd-4412-9e09-efe02278ca1b&#8220; hover_transition_duration=&#8220;0ms&#8220; hover_enabled=&#8220;0&#8243; global_colors_info=&#8220;{%22gcid-1998ac07-22bd-4412-9e09-efe02278ca1b%22:%91%22background_color%22%93}&#8220; sticky_enabled=&#8220;0&#8243;][et_pb_fullwidth_slider use_bg_overlay=&#8220;off&#8220; _builder_version=&#8220;4.27.0&#8243; _module_preset=&#8220;default&#8220; background_image=&#8220;https:\/\/kern-dialog.de\/wp-content\/uploads\/2024\/10\/Kerndialog-2-scaled-1.jpg&#8220; min_height=&#8220;1174.1px&#8220; custom_margin=&#8220;33px|||||&#8220; custom_padding=&#8220;175px||1047px|||&#8220; auto=&#8220;on&#8220; auto_ignore_hover=&#8220;on&#8220; hover_transition_duration=&#8220;1000ms&#8220; hover_transition_delay=&#8220;150ms&#8220; global_colors_info=&#8220;{}&#8220;][et_pb_slide heading=&#8220;FRAU. MUTTER. BUSINESS: BURNOUT?&#8220; use_bg_overlay=&#8220;off&#8220; use_text_overlay=&#8220;off&#8220; _builder_version=&#8220;4.27.0&#8243; _module_preset=&#8220;default&#8220; header_text_color=&#8220;#597487&#8243; custom_button=&#8220;on&#8220; button_text_color=&#8220;#597487&#8243; hover_transition_duration=&#8220;1000ms&#8220; hover_transition_delay=&#8220;150ms&#8220; global_colors_info=&#8220;{}&#8220; sticky_transition=&#8220;on&#8220;]<\/p>\n<p style=\"text-align: center;\"><span style=\"color: #597487;\"><\/span><\/p>\n<p style=\"text-align: center;\"><span style=\"color: #597487;\"><\/span><\/p>\n<p style=\"text-align: center;\"><span style=\"color: #597487;\">Mutter sein ist ein Weg. <\/span><span style=\"color: #597487;\">Unternehmerin zu werden ist harte Arbeit. <br \/>Beides zu vereinen &#8211; nicht immer leicht.<\/span><\/p>\n<p style=\"text-align: center;\"><span style=\"color: #597487;\">Egal ob pr\u00e4ventiv, mittedrin im Strudel oder doch im absoluten \u00dcberlebensmodus &#8230; <\/span><br \/><span style=\"color: #597487;\">Jede starke Frau \u2013 und das bist du &#8211; braucht eine andere starke Frau, die sie versteht und unterst\u00fctzt.<\/span><\/p>\n<p style=\"text-align: center;\"><span style=\"color: #597487;\">Die dich dabei begleitet, deine ganz eigenen Visionen und Potenziale zu erkennen und auszuleben.<\/span><\/p>\n<p>[\/et_pb_slide][\/et_pb_fullwidth_slider][\/et_pb_section][et_pb_section fb_built=&#8220;1&#8243; _builder_version=&#8220;4.27.0&#8243; _module_preset=&#8220;default&#8220; background_image=&#8220;https:\/\/kern-dialog.de\/wp-content\/uploads\/2024\/10\/Kerndialog-scaled-1.jpg&#8220; min_height=&#8220;3593.4px&#8220; custom_margin=&#8220;-1px|||||&#8220; custom_padding=&#8220;125px||88px|||&#8220; global_colors_info=&#8220;{}&#8220;][et_pb_row _builder_version=&#8220;4.27.0&#8243; _module_preset=&#8220;default&#8220; global_colors_info=&#8220;{}&#8220;][et_pb_column type=&#8220;4_4&#8243; _builder_version=&#8220;4.27.0&#8243; _module_preset=&#8220;default&#8220; global_colors_info=&#8220;{}&#8220;][et_pb_text _builder_version=&#8220;4.27.2&#8243; _module_preset=&#8220;default&#8220; header_2_text_color=&#8220;#FFFFFF&#8220; header_2_font_size=&#8220;70px&#8220; header_2_font_size_tablet=&#8220;70px&#8220; header_2_font_size_phone=&#8220;58px&#8220; header_2_font_size_last_edited=&#8220;on|phone&#8220; header_2_letter_spacing_tablet=&#8220;&#8220; header_2_letter_spacing_phone=&#8220;&#8220; header_2_letter_spacing_last_edited=&#8220;on|phone&#8220; header_2_text_shadow_style=&#8220;preset3&#8243; global_colors_info=&#8220;{}&#8220;]<\/p>\n<h2>Balance halten<\/h2>\n<p>[\/et_pb_text][\/et_pb_column][\/et_pb_row][et_pb_row custom_padding_last_edited=&#8220;on|phone&#8220; _builder_version=&#8220;4.27.2&#8243; _module_preset=&#8220;default&#8220; custom_margin=&#8220;10px|auto||auto||&#8220; custom_padding=&#8220;31.5667px|0px|0|0px|false|false&#8220; custom_padding_tablet=&#8220;31.5667px|0px|0|0px|false|false&#8220; custom_padding_phone=&#8220;31.5667px|1px|0|1px|false|true&#8220; global_colors_info=&#8220;{}&#8220;][et_pb_column type=&#8220;4_4&#8243; _builder_version=&#8220;4.27.2&#8243; _module_preset=&#8220;default&#8220; custom_padding=&#8220;|||&#8220; global_colors_info=&#8220;{}&#8220; custom_padding__hover=&#8220;|||&#8220;][et_pb_text _builder_version=&#8220;4.27.2&#8243; _module_preset=&#8220;default&#8220; background_color=&#8220;rgba(255,255,255,0.77)&#8220; custom_padding=&#8220;50px|50px|50px|50px|false|false&#8220; custom_padding_tablet=&#8220;50px|50px|50px|50px|false|false&#8220; custom_padding_phone=&#8220;50px|20px|50px|20px|false|true&#8220; custom_padding_last_edited=&#8220;on|phone&#8220; global_colors_info=&#8220;{}&#8220;]<\/p>\n<p>&nbsp;<\/p>\n<h1>\/\/ DAS DING MIT DER ST\u00c4RKE<\/h1>\n<p>&nbsp;<\/p>\n<p>&#8222;Ich schaff das schon. Wenn ich es selbst mache, wei\u00df ich wenigstens, dass es auch richtig gemacht ist. Ich brauch keine Hilfe, nur vielleicht mal ne Woche Urlaub, danach geht\u2019s wieder.&#8220;<\/p>\n<p>Starke Frauen halten sich oft f\u00fcr unbesiegbar, unersetzlich und unantastbar. Und irgendwie sind sie das auch \u2013 nur, aufgrund ihres unerm\u00fcdlichen Daseins \u00fcbersehen sie meist die eigene rote Linie. Sie gehen \u00fcber ihre Grenzen und das permanent.<\/p>\n<p>Das High-Level auf Dauer zu halten ist eine Kunst die Ihre Quelle braucht.<\/p>\n<p>&nbsp;<\/p>\n<p>Wie schaffe ich es, meine Ziele zu verwirklichen und trotzdem ausgeglichen zu bleiben?<\/p>\n<p>&nbsp;<\/p>\n<h1>\/\/ DAS DING MIT DER SENSIBILIT\u00c4T<\/h1>\n<p>&nbsp;<\/p>\n<p>Man ist oft bei den Anderen und zu selten bei sich selbst.<\/p>\n<p>Dabei verliert man nur allzu schnell die eigenen Bed\u00fcrfnisse aus dem Blick, passt sich hervorragend an &#8211; damit es allen gut geht. \u00dcbernimmt Werte und richtet sich in den Umst\u00e4nden gem\u00fctlich ein.<\/p>\n<p>Empfindsame oder feinf\u00fchlige Menschen besitzen feine Antennen und eine ausgepr\u00e4gte Empathie, ihr Verst\u00e4ndnis scheint manchmal grenzenlos und zudem sind sie wahre Hochleistungsmaschinen, wenn es um die Reiz- und Informationsverarbeitung geht. Kein Wunder, dass sie dazu neigen eher auszubrennen. Gleichzeitig ist es keine Schw\u00e4che, sondern eine wahre Schatzkammer.<\/p>\n<p>&nbsp;<\/p>\n<p>Wie kann ich es schaffen, trotz gro\u00dfem Mitgef\u00fchl und Verst\u00e4ndnis zu anderen, bei mir selbst zu bleiben?<\/p>\n<p>&nbsp;<\/p>\n<p>[\/et_pb_text][et_pb_text _builder_version=&#8220;4.27.2&#8243; _module_preset=&#8220;default&#8220; header_2_text_color=&#8220;#FFFFFF&#8220; header_2_font_size=&#8220;70px&#8220; header_2_font_size_tablet=&#8220;&#8220; header_2_font_size_phone=&#8220;58px&#8220; header_2_font_size_last_edited=&#8220;on|phone&#8220; header_2_letter_spacing_tablet=&#8220;&#8220; header_2_letter_spacing_phone=&#8220;&#8220; header_2_letter_spacing_last_edited=&#8220;on|phone&#8220; header_2_text_shadow_style=&#8220;preset3&#8243; global_colors_info=&#8220;{}&#8220;]<\/p>\n<h2>DEN RICHTIGEN DRIVE FINDEN<\/h2>\n<p>[\/et_pb_text][et_pb_text _builder_version=&#8220;4.27.0&#8243; _module_preset=&#8220;default&#8220; background_color=&#8220;rgba(255,255,255,0.77)&#8220; custom_padding=&#8220;50px|50px|50px|50px|false|false&#8220; custom_padding_tablet=&#8220;50px|50px|50px|50px|false|false&#8220; custom_padding_phone=&#8220;50px|20px|50px|20px|false|true&#8220; custom_padding_last_edited=&#8220;on|phone&#8220; global_colors_info=&#8220;{}&#8220;]<\/p>\n<h1><\/h1>\n<h1>\/\/ EIN LEBEN DAS ZU DIR PASST<\/h1>\n<p>&nbsp;<\/p>\n<p>Du gibst jeden Tag dein Bestes, als Mutter, im Job und im Rest des Tages, der noch \u00fcbrigbleibt.<\/p>\n<p>Und du machst das gro\u00dfartig. Dennoch, zwischen stolzem Mamasein, einem Business was sich rechnet, einer Partnerschaft ohne gro\u00dfe Probleme und montags Yoga fehlt irgendwie ein Gef\u00fchl von &#8230; Erf\u00fcllung? Die Zeit rennt und du fragst dich \u2013 wo ist sie hin?<\/p>\n<p>&nbsp;<\/p>\n<p>Wie kann ich meinen Bed\u00fcrfnissen Raum geben, ohne andere zu vernachl\u00e4ssigen?<\/p>\n<p>[\/et_pb_text][et_pb_text _builder_version=&#8220;4.27.2&#8243; _module_preset=&#8220;default&#8220; header_2_text_color=&#8220;#FFFFFF&#8220; header_2_font_size=&#8220;70px&#8220; header_2_font_size_tablet=&#8220;&#8220; header_2_font_size_phone=&#8220;58px&#8220; header_2_font_size_last_edited=&#8220;on|phone&#8220; header_2_letter_spacing_tablet=&#8220;&#8220; header_2_letter_spacing_phone=&#8220;&#8220; header_2_letter_spacing_last_edited=&#8220;on|phone&#8220; header_2_text_shadow_style=&#8220;preset3&#8243; global_colors_info=&#8220;{}&#8220;]<\/p>\n<h2>JETZT BIN ICH DRAN<\/h2>\n<p>[\/et_pb_text][et_pb_text _builder_version=&#8220;4.27.0&#8243; _module_preset=&#8220;default&#8220; background_color=&#8220;rgba(255,255,255,0.77)&#8220; custom_padding=&#8220;50px|50px|50px|50px|false|false&#8220; custom_padding_tablet=&#8220;50px|50px|50px|50px|false|false&#8220; custom_padding_phone=&#8220;50px|20px|50px|20px|true|true&#8220; custom_padding_last_edited=&#8220;on|phone&#8220; global_colors_info=&#8220;{}&#8220;]<\/p>\n<h1><\/h1>\n<h1>\/\/ WAS WILL ICH WIRKLICH?<\/h1>\n<p>&nbsp;<\/p>\n<p>Kennst du diese S\u00e4tze?<\/p>\n<p><em>\u201eIch mache gern &#8230;.\u00a0 aber wei\u00df nicht, wann ich das machen soll.\u201c <\/em><\/p>\n<p><em>\u201eNa ich geh zum Yoga, das ist schon ganz gut.\u201c<\/em><\/p>\n<p><em>&#8220; Geht\u00b4s den anderen gut &#8211; geht\u00b4s mir gut!&#8220;<\/em><\/p>\n<p><em>&#8222;Das wird schon alles. Alles gut.&#8220;<\/em><\/p>\n<p><em>\u201eDas ist doch total verr\u00fcckt, jetzt habe ich alles, was ich immer wollte und f\u00fchle mich ausgebrannt.\u201c<\/em><\/p>\n<p><em><\/em><\/p>\n<p><em><\/em><\/p>\n<p><em><\/em><\/p>\n<p><em><\/em><\/p>\n<h1>\/\/ GESTALTE DIR DEIN BUSINESS + LEBEN<\/h1>\n<p>&nbsp;<\/p>\n<p>Work-Life-Balance? Alles quatsch? Nicht ganz! Reine Interpretationsfrage wie ich finde. <br \/>Es geht, du kannst ein harmonisches ausgeglichenes Arbeits-Leben f\u00fchren. <br \/>Was dazu n\u00f6tig ist?<\/p>\n<p>Deine Bereitschaft Dinge zu ver\u00e4ndern, damit Entwicklung stattfinden kann.<\/p>\n<p>[\/et_pb_text][et_pb_text _builder_version=&#8220;4.27.2&#8243; _module_preset=&#8220;default&#8220; header_2_text_color=&#8220;#FFFFFF&#8220; header_2_font_size=&#8220;70px&#8220; header_2_font_size_tablet=&#8220;&#8220; header_2_font_size_phone=&#8220;58px&#8220; header_2_font_size_last_edited=&#8220;on|phone&#8220; header_2_letter_spacing_tablet=&#8220;&#8220; header_2_letter_spacing_phone=&#8220;&#8220; header_2_letter_spacing_last_edited=&#8220;on|phone&#8220; header_2_text_shadow_style=&#8220;preset3&#8243; global_colors_info=&#8220;{}&#8220;]<\/p>\n<h2>FOKUS&shy;SIERT BLEIBEN<\/h2>\n<p>[\/et_pb_text][et_pb_text _builder_version=&#8220;4.27.0&#8243; _module_preset=&#8220;default&#8220; background_color=&#8220;rgba(255,255,255,0.77)&#8220; custom_padding=&#8220;50px|50px|50px|50px|false|false&#8220; custom_padding_tablet=&#8220;50px|50px|50px|50px|false|false&#8220; custom_padding_phone=&#8220;50px|20px|50px|20px|false|true&#8220; custom_padding_last_edited=&#8220;on|phone&#8220; global_colors_info=&#8220;{}&#8220;]<\/p>\n<h1><\/h1>\n<h1>\/\/ ES IST UND BLEIBT ARBEIT<\/h1>\n<p>&nbsp;<\/p>\n<p>An dir selbst. Es gibt keine schnellen L\u00f6sungen, die ewig bleiben. Es darf immer wieder neu justiert, entschieden und probiert werden.<\/p>\n<p>Wenn du aber einmal deinen inneren Kompass eingenordet hast, folgt der Rest symbiotisch und du hast Freude an all den neuen Erfahrungen und Begegnungen, die auf dich da drau\u00dfen warten. Fokus auf das, was jetzt wichtig ist.<\/p>\n<p>Lebenslust und Entdeckergeist kehren zur\u00fcck. Und auch der Mut, neue Wege einzuschlagen. Entscheidungen zu treffen wird einfacher. <br \/>Und pl\u00f6tzlich musst du dich nicht mal mehr abgrenzen m\u00fcssen. Weil Menschen deine Grenze erkennen k\u00f6nnen.\u00a0<\/p>\n<p><em><\/em><\/p>\n<p>[\/et_pb_text][et_pb_text _builder_version=&#8220;4.27.2&#8243; _module_preset=&#8220;default&#8220; header_2_text_color=&#8220;#FFFFFF&#8220; header_2_font_size=&#8220;70px&#8220; header_2_font_size_tablet=&#8220;&#8220; header_2_font_size_phone=&#8220;58px&#8220; header_2_font_size_last_edited=&#8220;on|phone&#8220; header_2_letter_spacing_tablet=&#8220;&#8220; header_2_letter_spacing_phone=&#8220;&#8220; header_2_letter_spacing_last_edited=&#8220;on|phone&#8220; header_2_text_shadow_style=&#8220;preset3&#8243; global_colors_info=&#8220;{}&#8220;]<\/p>\n<h2>Wie geht es weiter?<\/h2>\n<p>[\/et_pb_text][et_pb_text _builder_version=&#8220;4.27.0&#8243; _module_preset=&#8220;default&#8220; background_color=&#8220;rgba(255,255,255,0.77)&#8220; custom_padding=&#8220;50px|50px|50px|50px|false|false&#8220; custom_padding_tablet=&#8220;50px|50px|50px|50px|false|false&#8220; custom_padding_phone=&#8220;50px|20px|50px|20px|false|true&#8220; custom_padding_last_edited=&#8220;on|phone&#8220; global_colors_info=&#8220;{}&#8220;]<\/p>\n<h1>\/\/ KLEINSCHRITTIG<\/h1>\n<p><strong>MENTORING &amp; COACHING<\/strong><\/p>\n<p><strong><\/strong><\/p>\n<p>Ich verspreche dir hier jetzt kein 10-Schritte-Plan, weil ich der \u00dcberzeugung bin, dass jede von uns individuell ist und ihre ganz eigenen Herausforderungen und Herangehensweisen hat. Was ich dir anbiete ist, dich dabei zu unterst\u00fctzen, dich schrittweise in Richtung Zufriedenheit und Balance zu f\u00fchren, zu lernen die Themen des Alltag gelassener jonglieren zu k\u00f6nnen und Privat- und Berufsleben so zu gestalten, dass es deinem Wesen entspricht.<\/p>\n<p>Nachhaltige Ver\u00e4nderung braucht Zeit.\u00a0<\/p>\n<h1><\/h1>\n<h1><\/h1>\n<h1><\/h1>\n<h1><\/h1>\n<h1>\/\/ Ich Lade Dich ein<\/h1>\n<p>&nbsp;<\/p>\n<p><strong>Zu einer Kennenlern-Session. Kostenlos und Unverbindlich. <\/strong><\/p>\n<p>Nutze das Kontaktformular ganz unten und hinterlass mir deine Telefonnummer. <br \/>Ich melde mich schnellstm\u00f6glich und wir vereinbaren einen Termin.<\/p>\n<p><strong><\/strong><\/p>\n<p><em><\/em><\/p>\n<p>[\/et_pb_text][\/et_pb_column][\/et_pb_row][\/et_pb_section][et_pb_section fb_built=&#8220;1&#8243; module_id=&#8220;kontakt&#8220; _builder_version=&#8220;4.27.2&#8243; _module_preset=&#8220;default&#8220; background_enable_color=&#8220;off&#8220; background_enable_image=&#8220;off&#8220; background_position=&#8220;top_center&#8220; custom_margin=&#8220;30px|||||&#8220; custom_padding=&#8220;18px||109px|||&#8220; global_colors_info=&#8220;{%22gcid-1998ac07-22bd-4412-9e09-efe02278ca1b%22:%91%22background_color%22%93}&#8220;][et_pb_row _builder_version=&#8220;4.16&#8243; _module_preset=&#8220;default&#8220; custom_margin=&#8220;10px|auto||auto||&#8220; custom_padding=&#8220;31.5667px|0px|21px|0px|false|false&#8220; global_colors_info=&#8220;{}&#8220;][et_pb_column type=&#8220;4_4&#8243; _builder_version=&#8220;4.16&#8243; _module_preset=&#8220;default&#8220; custom_padding=&#8220;|||&#8220; global_colors_info=&#8220;{}&#8220; custom_padding__hover=&#8220;|||&#8220;][et_pb_heading title=&#8220;KOMM, HEUTE MACHEN WIR WAS SCH\u00d6NES \u2013 WIR REDEN \u00dcBER DICH&#8220; _builder_version=&#8220;4.27.2&#8243; _module_preset=&#8220;default&#8220; title_text_align=&#8220;center&#8220; title_text_color=&#8220;gcid-body-color&#8220; global_colors_info=&#8220;{%22gcid-body-color%22:%91%22title_text_color%22%93}&#8220;][\/et_pb_heading][\/et_pb_column][\/et_pb_row][et_pb_row column_structure=&#8220;1_2,1_2&#8243; _builder_version=&#8220;4.27.0&#8243; _module_preset=&#8220;default&#8220; custom_padding=&#8220;||3px|||&#8220; global_colors_info=&#8220;{}&#8220;][et_pb_column type=&#8220;1_2&#8243; _builder_version=&#8220;4.27.2&#8243; _module_preset=&#8220;default&#8220; global_colors_info=&#8220;{}&#8220;][et_pb_image src=&#8220;https:\/\/kern-dialog.de\/wp-content\/uploads\/2024\/10\/Session-2-scaled.jpg&#8220; title_text=&#8220;Session&#8220; _builder_version=&#8220;4.27.2&#8243; _module_preset=&#8220;default&#8220; border_radii=&#8220;on|100px|100px|100px|100px&#8220; global_colors_info=&#8220;{}&#8220;][\/et_pb_image][\/et_pb_column][et_pb_column type=&#8220;1_2&#8243; _builder_version=&#8220;4.27.0&#8243; _module_preset=&#8220;default&#8220; global_colors_info=&#8220;{}&#8220;][et_pb_text _builder_version=&#8220;4.27.2&#8243; _module_preset=&#8220;default&#8220; background_color=&#8220;rgba(255,255,255,0.77)&#8220; custom_padding=&#8220;50px|33px|58px|33px|false|false&#8220; custom_padding_tablet=&#8220;50px|50px|50px|50px|false|false&#8220; custom_padding_phone=&#8220;50px|20px|50px|20px|false|true&#8220; custom_padding_last_edited=&#8220;on|phone&#8220; global_colors_info=&#8220;{}&#8220;]<\/p>\n<p><strong><\/strong><\/p>\n<h1><strong>\/\/ Ein raum zum reden<br \/><\/strong><\/h1>\n<p><strong>\u00a0<\/strong><\/p>\n<p data-start=\"452\" data-end=\"652\">Ich biete dir einen gesch\u00fctzten, sicheren Ort \u2013<br data-start=\"499\" data-end=\"502\" \/>an dem du aussprechen darfst, was dich bewegt.<br data-start=\"548\" data-end=\"551\" \/>Ich wei\u00df: Sich zu \u00f6ffnen, kostet manchmal \u00dcberwindung.<br data-start=\"605\" data-end=\"608\" \/>Es braucht Vertrauen, Offenheit \u2013 und Mut.<\/p>\n<p data-start=\"654\" data-end=\"757\">Aber genau das kann T\u00fcren \u00f6ffnen.<br data-start=\"687\" data-end=\"690\" \/>Denn reden befreit.<br data-start=\"709\" data-end=\"712\" \/>Schweigen kann auf Dauer eine Belastung sein.<\/p>\n<p data-start=\"654\" data-end=\"757\">Wir sind soziale, f\u00fchlende Wesen.<br data-start=\"792\" data-end=\"795\" \/>Und es ist wichtig, den eigenen Gef\u00fchlen Raum zu geben.<br data-start=\"850\" data-end=\"853\" \/>Sich zu zeigen \u2013 auch mit Verletzlichkeit.<br data-start=\"895\" data-end=\"898\" \/>Gerade das verdient Achtung.<\/p>\n<p data-start=\"928\" data-end=\"1221\">Oft h\u00e4ngen wir in Rollen, funktionieren nur noch \u2013<br data-start=\"978\" data-end=\"981\" \/>selbst in engen Beziehungen.<br data-start=\"1009\" data-end=\"1012\" \/>Dann tut es gut, jemanden von au\u00dfen zu haben:<br data-start=\"1057\" data-end=\"1060\" \/>Unbefangen. Offen. Ehrlich.<br data-start=\"1087\" data-end=\"1090\" \/>Jemand, dem man das Herz aussch\u00fctten kann,<br data-start=\"1132\" data-end=\"1135\" \/>der nicht bewertet, keine fertigen Antworten hat \u2013<br data-start=\"1185\" data-end=\"1188\" \/>aber die richtigen Fragen stellt.<\/p>\n<p data-start=\"1223\" data-end=\"1479\">Meine Haltung ist getragen von Mitgef\u00fchl, Klarheit und respektvoller Distanz.<br data-start=\"1300\" data-end=\"1303\" \/>Ich gebe dir keine pauschalen L\u00f6sungen. Ich entscheide nichts f\u00fcr dich.<br data-start=\"1374\" data-end=\"1377\" \/>Aber ich halte dir den Raum.<br data-start=\"1405\" data-end=\"1408\" \/>Ich bin Impulsgeberin, Zuh\u00f6rerin, Motivatorin \u2013 Begleiterin auf Zeit.<\/p>\n<p data-start=\"1481\" data-end=\"1599\">Und manchmal ist genau das der Schritt, den es braucht:<br data-start=\"1536\" data-end=\"1539\" \/>Nicht, weil du schwach bist \u2013 sondern weil du Mensch bist.<\/p>\n<p data-start=\"1601\" data-end=\"1771\">Es erf\u00fcllt mich zutiefst, wenn Menschen wieder bei sich ankommen,<br data-start=\"1666\" data-end=\"1669\" \/>ihre innere Sch\u00f6nheit entdecken und sich zeigen \u2013 so wie sie sind:<br data-start=\"1737\" data-end=\"1740\" \/>Echt. Wahrhaftig. Und lebendig.<\/p>\n<p><em><\/em><\/p>\n<p>[\/et_pb_text][et_pb_text admin_label=&#8220;Title&#8220; _builder_version=&#8220;4.27.2&#8243; _module_preset=&#8220;default&#8220; text_font=&#8220;||||||||&#8220; text_text_color=&#8220;#ffffff&#8220; header_font=&#8220;||||||||&#8220; header_text_color=&#8220;#ffffff&#8220; header_2_font=&#8220;Poppins|600|||||||&#8220; header_2_font_size=&#8220;36px&#8220; header_2_line_height=&#8220;1.2em&#8220; background_color=&#8220;rgba(255,255,255,0.93)&#8220; custom_padding=&#8220;7px|22px|48px|32px||&#8220; animation_style=&#8220;fold&#8220; animation_direction=&#8220;left&#8220; animation_intensity_fold=&#8220;10%&#8220; animation_starting_opacity=&#8220;100%&#8220; global_colors_info=&#8220;{}&#8220;]<\/p>\n<h1><span style=\"color: #4d291a;\">KOSTENLOSES KENNENLERN-GESPR\u00c4CH<\/span><\/h1>\n<p><span style=\"color: #4d291a;\"><\/span><\/p>\n<p><strong><span style=\"color: #4d291a;\">Hinterlass mir dein Anliegen in kurzen S\u00e4tzen oder Stichpunkten.<\/span><\/strong><br \/><strong><span style=\"color: #4d291a;\">Bitte trag deine Telefonnummer ein und wir vereinbaren einen Termin.<\/span><\/strong><\/p>\n<p>[\/et_pb_text][et_pb_contact_form email=&#8220;kontakt@grosskariert.info&#8220; success_message=&#8220;Danke! Wir melden uns bald zur\u00fcck.&#8220; submit_button_text=&#8220;Absenden&#8220; _builder_version=&#8220;4.17.4&#8243; _module_preset=&#8220;default&#8220; _unique_id=&#8220;0906cd8b-24fb-4bbf-aa6a-47f80d1ac45e&#8220; form_field_background_color=&#8220;rgba(255,255,255,0.69)&#8220; form_field_text_color=&#8220;#4d291a&#8220; title_font=&#8220;||||||||&#8220; captcha_text_color=&#8220;#FFFFFF&#8220; form_field_font=&#8220;||||||||&#8220; custom_button=&#8220;on&#8220; button_text_color=&#8220;#4d291a&#8220; button_bg_color=&#8220;rgba(255,255,255,0.57)&#8220; button_font=&#8220;||||||||&#8220; custom_margin=&#8220;-8px|||||&#8220; custom_padding=&#8220;|||3px||&#8220; captcha_text_shadow_style=&#8220;preset1&#8243; box_shadow_style=&#8220;preset1&#8243; form_background_color=&#8220;rgba(255,255,255,0.69)&#8220; global_colors_info=&#8220;{}&#8220;][et_pb_contact_field field_id=&#8220;Name&#8220; field_title=&#8220;Name&#8220; _builder_version=&#8220;4.16&#8243; _module_preset=&#8220;default&#8220; global_colors_info=&#8220;{}&#8220; button_text_size__hover_enabled=&#8220;off&#8220; button_one_text_size__hover_enabled=&#8220;off&#8220; button_two_text_size__hover_enabled=&#8220;off&#8220; button_text_color__hover_enabled=&#8220;off&#8220; button_one_text_color__hover_enabled=&#8220;off&#8220; button_two_text_color__hover_enabled=&#8220;off&#8220; button_border_width__hover_enabled=&#8220;off&#8220; button_one_border_width__hover_enabled=&#8220;off&#8220; button_two_border_width__hover_enabled=&#8220;off&#8220; button_border_color__hover_enabled=&#8220;off&#8220; button_one_border_color__hover_enabled=&#8220;off&#8220; button_two_border_color__hover_enabled=&#8220;off&#8220; button_border_radius__hover_enabled=&#8220;off&#8220; button_one_border_radius__hover_enabled=&#8220;off&#8220; button_two_border_radius__hover_enabled=&#8220;off&#8220; button_letter_spacing__hover_enabled=&#8220;off&#8220; button_one_letter_spacing__hover_enabled=&#8220;off&#8220; button_two_letter_spacing__hover_enabled=&#8220;off&#8220; button_bg_color__hover_enabled=&#8220;off&#8220; button_one_bg_color__hover_enabled=&#8220;off&#8220; button_two_bg_color__hover_enabled=&#8220;off&#8220;][\/et_pb_contact_field][et_pb_contact_field field_id=&#8220;Email&#8220; field_title=&#8220;E-Mail-Adresse&#8220; field_type=&#8220;email&#8220; _builder_version=&#8220;4.16&#8243; _module_preset=&#8220;default&#8220; global_colors_info=&#8220;{}&#8220; button_text_size__hover_enabled=&#8220;off&#8220; button_one_text_size__hover_enabled=&#8220;off&#8220; button_two_text_size__hover_enabled=&#8220;off&#8220; button_text_color__hover_enabled=&#8220;off&#8220; button_one_text_color__hover_enabled=&#8220;off&#8220; button_two_text_color__hover_enabled=&#8220;off&#8220; button_border_width__hover_enabled=&#8220;off&#8220; button_one_border_width__hover_enabled=&#8220;off&#8220; button_two_border_width__hover_enabled=&#8220;off&#8220; button_border_color__hover_enabled=&#8220;off&#8220; button_one_border_color__hover_enabled=&#8220;off&#8220; button_two_border_color__hover_enabled=&#8220;off&#8220; button_border_radius__hover_enabled=&#8220;off&#8220; button_one_border_radius__hover_enabled=&#8220;off&#8220; button_two_border_radius__hover_enabled=&#8220;off&#8220; button_letter_spacing__hover_enabled=&#8220;off&#8220; button_one_letter_spacing__hover_enabled=&#8220;off&#8220; button_two_letter_spacing__hover_enabled=&#8220;off&#8220; button_bg_color__hover_enabled=&#8220;off&#8220; button_one_bg_color__hover_enabled=&#8220;off&#8220; button_two_bg_color__hover_enabled=&#8220;off&#8220;][\/et_pb_contact_field][et_pb_contact_field field_id=&#8220;Message&#8220; field_title=&#8220;Nachricht&#8220; field_type=&#8220;text&#8220; fullwidth_field=&#8220;on&#8220; _builder_version=&#8220;4.16&#8243; _module_preset=&#8220;default&#8220; global_colors_info=&#8220;{}&#8220; button_text_size__hover_enabled=&#8220;off&#8220; button_one_text_size__hover_enabled=&#8220;off&#8220; button_two_text_size__hover_enabled=&#8220;off&#8220; button_text_color__hover_enabled=&#8220;off&#8220; button_one_text_color__hover_enabled=&#8220;off&#8220; button_two_text_color__hover_enabled=&#8220;off&#8220; button_border_width__hover_enabled=&#8220;off&#8220; button_one_border_width__hover_enabled=&#8220;off&#8220; button_two_border_width__hover_enabled=&#8220;off&#8220; button_border_color__hover_enabled=&#8220;off&#8220; button_one_border_color__hover_enabled=&#8220;off&#8220; button_two_border_color__hover_enabled=&#8220;off&#8220; button_border_radius__hover_enabled=&#8220;off&#8220; button_one_border_radius__hover_enabled=&#8220;off&#8220; button_two_border_radius__hover_enabled=&#8220;off&#8220; button_letter_spacing__hover_enabled=&#8220;off&#8220; button_one_letter_spacing__hover_enabled=&#8220;off&#8220; button_two_letter_spacing__hover_enabled=&#8220;off&#8220; button_bg_color__hover_enabled=&#8220;off&#8220; button_one_bg_color__hover_enabled=&#8220;off&#8220; button_two_bg_color__hover_enabled=&#8220;off&#8220;][\/et_pb_contact_field][\/et_pb_contact_form][\/et_pb_column][\/et_pb_row][\/et_pb_section]<\/p>\n","protected":false},"excerpt":{"rendered":"<p>Mutter sein ist ein Weg. Unternehmerin zu werden ist harte Arbeit. Beides zu vereinen &#8211; nicht immer leicht. Egal ob pr\u00e4ventiv, mittedrin im Strudel oder doch im absoluten \u00dcberlebensmodus &#8230; Jede starke Frau \u2013 und das bist du &#8211; braucht eine andere starke Frau, die sie versteht und unterst\u00fctzt. Die dich dabei begleitet, deine ganz [&hellip;]<\/p>\n","protected":false},"author":2,"featured_media":0,"parent":0,"menu_order":0,"comment_status":"closed","ping_status":"closed","template":"","meta":{"_et_pb_use_builder":"on","_et_pb_old_content":"","_et_gb_content_width":"","footnotes":""},"class_list":["post-589","page","type-page","status-publish","hentry"],"_links":{"self":[{"href":"https:\/\/kern-dialog.de\/index.php?rest_route=\/wp\/v2\/pages\/589","targetHints":{"allow":["GET"]}}],"collection":[{"href":"https:\/\/kern-dialog.de\/index.php?rest_route=\/wp\/v2\/pages"}],"about":[{"href":"https:\/\/kern-dialog.de\/index.php?rest_route=\/wp\/v2\/types\/page"}],"author":[{"embeddable":true,"href":"https:\/\/kern-dialog.de\/index.php?rest_route=\/wp\/v2\/users\/2"}],"replies":[{"embeddable":true,"href":"https:\/\/kern-dialog.de\/index.php?rest_route=%2Fwp%2Fv2%2Fcomments&post=589"}],"version-history":[{"count":10,"href":"https:\/\/kern-dialog.de\/index.php?rest_route=\/wp\/v2\/pages\/589\/revisions"}],"predecessor-version":[{"id":780,"href":"https:\/\/kern-dialog.de\/index.php?rest_route=\/wp\/v2\/pages\/589\/revisions\/780"}],"wp:attachment":[{"href":"https:\/\/kern-dialog.de\/index.php?rest_route=%2Fwp%2Fv2%2Fmedia&parent=589"}],"curies":[{"name":"wp","href":"https:\/\/api.w.org\/{rel}","templated":true}]}}